{"id":11,"date":"2023-05-29T23:47:56","date_gmt":"2023-05-29T22:47:56","guid":{"rendered":"https:\/\/novatech.hr\/?page_id=11"},"modified":"2025-03-10T17:27:22","modified_gmt":"2025-03-10T16:27:22","slug":"home","status":"publish","type":"page","link":"https:\/\/novatech-healthcare.hr\/","title":{"rendered":"Home"},"content":{"rendered":"\t\t<div data-elementor-type=\"wp-page\" data-elementor-id=\"11\" class=\"elementor elementor-11\" data-elementor-post-type=\"page\">\n\t\t\t\t<div class=\"elementor-element elementor-element-3dcc7a5 e-flex e-con-boxed e-con e-parent\" data-id=\"3dcc7a5\" data-element_type=\"container\" data-e-type=\"container\">\n\t\t\t\t\t<div class=\"e-con-inner\">\n\t\t\t\t<div class=\"elementor-element elementor-element-0fd3316 elementor-widget elementor-widget-image\" data-id=\"0fd3316\" data-element_type=\"widget\" data-e-type=\"widget\" data-widget_type=\"image.default\">\n\t\t\t\t\t\t\t\t\t\t\t\t\t\t\t<img decoding=\"async\" src=\"https:\/\/novatech-healthcare.hr\/wp-content\/uploads\/elementor\/thumbs\/exp331x70_Novatech-Healthcare-q8fqjc8dcn5oiir0k4dyqx8k9iikw9oxxi1vwtpvsc.webp\" title=\"exp331x70_Novatech-Healthcare\" alt=\"exp331x70_Novatech-Healthcare\" loading=\"lazy\" \/>\t\t\t\t\t\t\t\t\t\t\t\t\t\t\t<\/div>\n\t\t\t\t\t<\/div>\n\t\t\t\t<\/div>\n\t\t<div class=\"elementor-element elementor-element-91c7ac5 e-flex e-con-boxed e-con e-parent\" data-id=\"91c7ac5\" data-element_type=\"container\" data-e-type=\"container\">\n\t\t\t\t\t<div class=\"e-con-inner\">\n\t\t<div class=\"elementor-element elementor-element-0137e6e e-con-full e-flex e-con e-child\" data-id=\"0137e6e\" data-element_type=\"container\" data-e-type=\"container\">\n\t\t\t\t<div class=\"elementor-element elementor-element-3d9d962 elementor-widget elementor-widget-image\" data-id=\"3d9d962\" data-element_type=\"widget\" data-e-type=\"widget\" data-widget_type=\"image.default\">\n\t\t\t\t\t\t\t\t\t\t\t\t\t\t\t<img fetchpriority=\"high\" decoding=\"async\" width=\"528\" height=\"591\" src=\"https:\/\/novatech-healthcare.hr\/wp-content\/uploads\/2025\/03\/Echosens-1.2-Hero-FS-Expert-630-aligned.webp\" class=\"attachment-large size-large wp-image-165\" alt=\"\" srcset=\"https:\/\/novatech-healthcare.hr\/wp-content\/uploads\/2025\/03\/Echosens-1.2-Hero-FS-Expert-630-aligned.webp 528w, https:\/\/novatech-healthcare.hr\/wp-content\/uploads\/2025\/03\/Echosens-1.2-Hero-FS-Expert-630-aligned-268x300.webp 268w\" sizes=\"(max-width: 528px) 100vw, 528px\" \/>\t\t\t\t\t\t\t\t\t\t\t\t\t\t\t<\/div>\n\t\t\t\t<\/div>\n\t\t<div class=\"elementor-element elementor-element-3fd66f5 e-con-full e-flex e-con e-child\" data-id=\"3fd66f5\" data-element_type=\"container\" data-e-type=\"container\">\n\t\t\t\t<div class=\"elementor-element elementor-element-8f2bfaa elementor-widget elementor-widget-text-editor\" data-id=\"8f2bfaa\" data-element_type=\"widget\" data-e-type=\"widget\" data-widget_type=\"text-editor.default\">\n\t\t\t\t\t\t\t\t\t<p>Novatech Healthcare je specijalizirana tvrtka za distribuciju, savjetovanje, aplikativnu i tehni\u010dku podr\u0161ku napredne medicinske tehnologije u podru\u010dju hepatologije i neurologije.<\/p><p>\u00a0<\/p><p>Na\u0161 stru\u010dni tim s certificiranim prodajnim i servisnim in\u017eenjerima jamstvo su najvi\u0161e profesionalne razine usluge na\u0161im klijentima. Uz ure\u0111aje osiguravamo stru\u010dnu standardnu i naprednu edukaciju te brzu i efikasnu servisnu podr\u0161ku.<\/p>\t\t\t\t\t\t\t\t<\/div>\n\t\t\t\t<\/div>\n\t\t\t\t\t<\/div>\n\t\t\t\t<\/div>\n\t\t<div class=\"elementor-element elementor-element-bb85dbb e-flex e-con-boxed e-con e-parent\" data-id=\"bb85dbb\" data-element_type=\"container\" data-e-type=\"container\">\n\t\t\t\t\t<div class=\"e-con-inner\">\n\t\t\t\t<div class=\"elementor-element elementor-element-9efb40a elementor-widget elementor-widget-image-carousel\" data-id=\"9efb40a\" data-element_type=\"widget\" data-e-type=\"widget\" data-settings=\"{&quot;slides_to_show&quot;:&quot;2&quot;,&quot;navigation&quot;:&quot;none&quot;,&quot;pause_on_hover&quot;:&quot;no&quot;,&quot;pause_on_interaction&quot;:&quot;no&quot;,&quot;autoplay&quot;:&quot;yes&quot;,&quot;autoplay_speed&quot;:5000,&quot;infinite&quot;:&quot;yes&quot;,&quot;speed&quot;:500}\" data-widget_type=\"image-carousel.default\">\n\t\t\t\t\t\t\t<div class=\"elementor-image-carousel-wrapper swiper\" role=\"region\" aria-roledescription=\"carousel\" aria-label=\"Image Carousel\" dir=\"ltr\">\n\t\t\t<div class=\"elementor-image-carousel swiper-wrapper\" aria-live=\"off\">\n\t\t\t\t\t\t\t\t<div class=\"swiper-slide\" role=\"group\" aria-roledescription=\"slide\" aria-label=\"1 of 2\"><figure class=\"swiper-slide-inner\"><img decoding=\"async\" class=\"swiper-slide-image\" src=\"https:\/\/novatech-healthcare.hr\/wp-content\/uploads\/2023\/05\/exp220x160_Viasonix.webp\" alt=\"exp220x160_Viasonix\" \/><\/figure><\/div><div class=\"swiper-slide\" role=\"group\" aria-roledescription=\"slide\" aria-label=\"2 of 2\"><figure class=\"swiper-slide-inner\"><img decoding=\"async\" class=\"swiper-slide-image\" src=\"https:\/\/novatech-healthcare.hr\/wp-content\/uploads\/2025\/03\/exp220x110_echosens.webp\" alt=\"exp220x110_echosens\" \/><\/figure><\/div>\t\t\t<\/div>\n\t\t\t\t\t\t\t\n\t\t\t\t\t\t\t\t\t<\/div>\n\t\t\t\t\t\t<\/div>\n\t\t\t\t\t<\/div>\n\t\t\t\t<\/div>\n\t\t\t\t<\/div>\n\t\t","protected":false},"excerpt":{"rendered":"<p>Novatech Healthcare je specijalizirana tvrtka za distribuciju, savjetovanje, aplikativnu i tehni\u010dku podr\u0161ku napredne medicinske tehnologije u podru\u010dju hepatologije i neurologije. \u00a0 Na\u0161 stru\u010dni tim s certificiranim prodajnim i servisnim in\u017eenjerima jamstvo su najvi\u0161e profesionalne razine usluge na\u0161im klijentima. Uz ure\u0111aje osiguravamo stru\u010dnu standardnu i naprednu edukaciju te brzu i efikasnu servisnu podr\u0161ku.<\/p>\n","protected":false},"author":1,"featured_media":0,"parent":0,"menu_order":0,"comment_status":"closed","ping_status":"closed","template":"","meta":{"inline_featured_image":false,"footnotes":""},"class_list":["post-11","page","type-page","status-publish","hentry"],"_links":{"self":[{"href":"https:\/\/novatech-healthcare.hr\/index.php?rest_route=\/wp\/v2\/pages\/11","targetHints":{"allow":["GET"]}}],"collection":[{"href":"https:\/\/novatech-healthcare.hr\/index.php?rest_route=\/wp\/v2\/pages"}],"about":[{"href":"https:\/\/novatech-healthcare.hr\/index.php?rest_route=\/wp\/v2\/types\/page"}],"author":[{"embeddable":true,"href":"https:\/\/novatech-healthcare.hr\/index.php?rest_route=\/wp\/v2\/users\/1"}],"replies":[{"embeddable":true,"href":"https:\/\/novatech-healthcare.hr\/index.php?rest_route=%2Fwp%2Fv2%2Fcomments&post=11"}],"version-history":[{"count":46,"href":"https:\/\/novatech-healthcare.hr\/index.php?rest_route=\/wp\/v2\/pages\/11\/revisions"}],"predecessor-version":[{"id":172,"href":"https:\/\/novatech-healthcare.hr\/index.php?rest_route=\/wp\/v2\/pages\/11\/revisions\/172"}],"wp:attachment":[{"href":"https:\/\/novatech-healthcare.hr\/index.php?rest_route=%2Fwp%2Fv2%2Fmedia&parent=11"}],"curies":[{"name":"wp","href":"https:\/\/api.w.org\/{rel}","templated":true}]}}